{"id":909,"date":"2023-04-30T14:16:41","date_gmt":"2023-04-30T14:16:41","guid":{"rendered":"https:\/\/ma-key.com\/?page_id=909"},"modified":"2023-05-11T12:23:09","modified_gmt":"2023-05-11T12:23:09","slug":"impressum","status":"publish","type":"page","link":"https:\/\/ma-key.com\/de\/impressum\/","title":{"rendered":"Impressum"},"content":{"rendered":"<p>Masterkey GmbH Feringastr.6 I 85774 Unterf\u00f6hring<\/p>\n\n\n\n<p>Email: <a href=\"mailto:info@ma-key.com\">info@ma-key.com<\/a><\/p>\n\n\n\n<p>Inhaber<\/p>\n\n\n\n<p>CEO Riad Rahmouni<\/p>\n\n\n\n<p>Handelsregister: M\u00fcnchen HRB 281729<\/p>\n\n\n\n<p>UmsatzsteuerIDNr.:  DE359238635<\/p>\n\n\n\n<p>Steuernummer: 143 \/ 160 \/ 01743<\/p>\n\n\n\n<p>Verantwortlich f\u00fcr den Inhalt gem\u00e4\u00df \u00a7 5 TMG und \u00a7 55 Abs. 2 RStV (Rundfunkstaatsvertrag)<\/p>\n\n\n\n<p>Riad Rahmouni<\/p>\n\n\n\n<p>F\u00fcr Beitr\u00e4ge, die mit einem separaten Impressum gekennzeichnet sind oder deren Autoren namentlich genannt werden, liegt die Verantwortung beim jeweiligen Autor.<\/p>\n\n\n\n<p>Umsetzung<\/p>\n\n\n\n<p>Logo, Konzept, Design und Umsetzung<\/p>\n\n\n\n<p>Design Now \u2013 Andreas K\u00fcrzinger<\/p>\n\n\n\n<p>Lindberghstra\u00dfe 18<\/p>\n\n\n\n<p>80939 M\u00fcnchen<\/p>\n\n\n\n<p>Copyright: Envato elements, DESIGN-NOW<\/p>\n\n\n\n<p>Die auf diesen Seiten von den Seitenbetreibern erstellten Inhalte und Werke sowie die zugrunde liegenden Ideen unterliegen dem deutschen Urheberrecht. Die Vervielf\u00e4ltigung, Bearbeitung, Verbreitung und jede Art der Verwertung au\u00dferhalb der Grenzen des Urheberrechts bed\u00fcrfen der schriftlichen Zustimmung des jeweiligen Rechteinhabers oder Website-Betreibers. Dies gilt insbesondere f\u00fcr Vervielf\u00e4ltigung, Bearbeitung, \u00dcbersetzung, Speicherung, Verarbeitung oder Wiedergabe von Inhalten in Datenbanken oder anderen elektronischen Medien und Systemen. Eine unerlaubte Vervielf\u00e4ltigung oder Verbreitung einzelner Inhalte oder kompletter Seiten ist nicht gestattet und strafbar. Lediglich die Herstellung von Kopien und Downloads f\u00fcr den pers\u00f6nlichen, privaten und nicht kommerziellen Gebrauch ist erlaubt. Die Darstellung dieser Website in fremden Frames ist nur mit schriftlicher Erlaubnis zul\u00e4ssig.<\/p>","protected":false},"excerpt":{"rendered":"<p>Masterkey GmbH Feringastr.6 I 85774 Unterf\u00f6hring Email: info@ma-key.com Managing Partners: CEO Riad Rahmouni Registry Court: Munich HRB 281729 VAT ID: DE359238635 Tax identification number: 143 \/<span class=\"excerpt-hellip\"> [\u2026]<\/span><\/p>\n","protected":false},"author":1,"featured_media":0,"parent":0,"menu_order":0,"comment_status":"closed","ping_status":"closed","template":"","meta":{"footnotes":""},"_links":{"self":[{"href":"https:\/\/ma-key.com\/de\/wp-json\/wp\/v2\/pages\/909"}],"collection":[{"href":"https:\/\/ma-key.com\/de\/wp-json\/wp\/v2\/pages"}],"about":[{"href":"https:\/\/ma-key.com\/de\/wp-json\/wp\/v2\/types\/page"}],"author":[{"embeddable":true,"href":"https:\/\/ma-key.com\/de\/wp-json\/wp\/v2\/users\/1"}],"replies":[{"embeddable":true,"href":"https:\/\/ma-key.com\/de\/wp-json\/wp\/v2\/comments?post=909"}],"version-history":[{"count":2,"href":"https:\/\/ma-key.com\/de\/wp-json\/wp\/v2\/pages\/909\/revisions"}],"predecessor-version":[{"id":971,"href":"https:\/\/ma-key.com\/de\/wp-json\/wp\/v2\/pages\/909\/revisions\/971"}],"wp:attachment":[{"href":"https:\/\/ma-key.com\/de\/wp-json\/wp\/v2\/media?parent=909"}],"curies":[{"name":"wp","href":"https:\/\/api.w.org\/{rel}","templated":true}]}}