{"id":907,"date":"2023-04-30T14:11:18","date_gmt":"2023-04-30T14:11:18","guid":{"rendered":"https:\/\/ma-key.com\/?page_id=907"},"modified":"2023-04-30T14:11:21","modified_gmt":"2023-04-30T14:11:21","slug":"privacy-policy-2","status":"publish","type":"page","link":"https:\/\/ma-key.com\/de\/privacy-policy-2\/","title":{"rendered":"Datenschutz"},"content":{"rendered":"<p>Der Schutz Ihrer personenbezogenen Daten und Ihrer Privatsph\u00e4re ist uns sehr wichtig. Daher verarbeitet die MASTERKEY GMBH Ihre personenbezogenen Daten ausschlie\u00dflich in \u00dcbereinstimmung mit den relevanten gesetzlichen Bestimmungen.<\/p>\n\n\n\n<p><strong>Wie k\u00f6nnen Sie mit uns in Kontakt treten?<\/strong><\/p>\n\n\n\n<p><strong>Verantwortlich f\u00fcr die Datenerhebung:<\/strong><\/p>\n\n\n\n<p>Riad Rahmouni<\/p>\n\n\n\n<p><strong>Welche personenbezogenen Daten werden von Ihnen erhoben, wenn Sie unsere Website besuchen?<\/strong><\/p>\n\n\n\n<p>Jedes Mal, wenn Sie auf die Website von MASTERKEY GMBH zugreifen, \u00fcbermittelt Ihr Webbrowser Nutzungsdaten, damit Sie die angeforderten Website-Inhalte erhalten k\u00f6nnen. Dazu geh\u00f6ren Ihre IP-Adresse sowie eine Bezeichnung des aufgerufenen Inhalts (URL). Diese Daten werden von MASTERKEY GMBH in einem Rechenzentrum eines Hosting-Partners gespeichert und verarbeitet, um die Systeme vor Angriffen zu sch\u00fctzen und Fehler auf der Website in internen System-Log-Dateien zu beseitigen. Diese internen System-Log-Dateien werden ausschlie\u00dflich f\u00fcr die oben genannten Zwecke verarbeitet und daher nicht f\u00fcr personalisierte Werbung, Tracking oder \u00e4hnliche Zwecke verwendet.\n\nDar\u00fcber hinaus kann je nach Ihrer Konfiguration Ihr Browser weitere Daten (Browser-Typ, Browser-Version, verwendete Betriebssysteme, Referrer-URL) \u00fcbermitteln. Wir verwenden diese Daten f\u00fcr browser- oder ger\u00e4tespezifische Anzeige oder die optimierte Bereitstellung von Inhalten.<\/p>\n\n\n\n<p>Um Ihren Besuch auf unserer Website attraktiv zu gestalten und die Nutzung bestimmter Funktionen zu erm\u00f6glichen, um geeignete Produkte anzuzeigen oder f\u00fcr Marktforschungszwecke verwenden wir auf verschiedenen Seiten sogenannte Cookies, sofern Sie gem\u00e4\u00df Art. 6 Abs. 1 S. 1 lit. a DSGVO Ihre Einwilligung hierzu gegeben haben.\n\nCookies sind kleine Textdateien, die auf Ihrem Endger\u00e4t gespeichert werden und die bestimmte Informationen enthalten, um die Nutzung unserer Website zu erleichtern und zu verbessern. Wir verwenden sowohl tempor\u00e4re Cookies, die nur f\u00fcr die Dauer Ihres Besuchs auf unserer Website gespeichert werden, als auch persistente Cookies, die \u00fcber den Besuch hinaus gespeichert bleiben. Die gespeicherten Informationen k\u00f6nnen z.B. Spracheinstellungen auf einer Webseite, Login-Status oder den Inhalt eines Warenkorbs betreffen.\n\nWir setzen auch Tracking-Tools ein, um die Nutzung unserer Website statistisch zu erfassen und zu analysieren und unsere Website auf diese Weise zu optimieren. Hierf\u00fcr nutzen wir die Dienste von Google Analytics, einem Webanalysedienst der Google LLC, sowie von Matomo (ehemals Piwik), einem Open-Source-Webanalyse-Tool. Die Daten werden anonymisiert erhoben, so dass eine Zuordnung zu einer bestimmten Person nicht m\u00f6glich ist. Die IP-Adresse wird bei der Erfassung ebenfalls anonymisiert. Die Verwendung von Google Analytics und Matomo erfolgt nur mit Ihrer Einwilligung gem\u00e4\u00df Art. 6 Abs. 1 S. 1 lit. a DSGVO.\n\nSie k\u00f6nnen die Speicherung von Cookies durch eine entsprechende Einstellung Ihrer Browser-Software verhindern. Wir weisen jedoch darauf hin, dass in diesem Fall gegebenenfalls nicht alle Funktionen unserer Website vollumf\u00e4nglich genutzt werden k\u00f6nnen.\n\nWeitere Informationen zur Datenerhebung und Verarbeitung durch Google Analytics finden Sie in der Datenschutzerkl\u00e4rung von Google: https:\/\/policies.google.com\/privacy?hl=de\n\nWeitere Informationen zur Datenerhebung und Verarbeitung durch Matomo finden Sie in der Datenschutzerkl\u00e4rung von Matomo: https:\/\/matomo.org\/privacy-policy\/<\/p>\n\n\n\n<p>Cookies sind kleine Textdateien, die automatisch auf Ihrem Ger\u00e4t gespeichert werden. Einige der von uns verwendeten Cookies werden nach dem Ende der Browser-Sitzung gel\u00f6scht, d.h. nachdem Sie Ihren Browser schlie\u00dfen (sogenannte Session-Cookies). Andere Cookies verbleiben auf Ihrem Ger\u00e4t und erm\u00f6glichen es uns, Ihren Browser bei Ihrem n\u00e4chsten Besuch wiederzuerkennen (persistente Cookies). Die Speicherdauer finden Sie in der \u00dcbersicht in den Cookie-Einstellungen Ihres Webbrowsers. Sie k\u00f6nnen Ihren Browser so konfigurieren, dass Sie \u00fcber die Einstellung von Cookies informiert werden und individuell entscheiden k\u00f6nnen, ob Sie sie akzeptieren oder die Annahme von Cookies f\u00fcr bestimmte F\u00e4lle oder insgesamt ausschlie\u00dfen m\u00f6chten. Wenn Cookies nicht akzeptiert werden, kann die Funktionalit\u00e4t unserer Website eingeschr\u00e4nkt sein. Jeder Browser unterscheidet sich in der Art und Weise, wie er Cookie-Einstellungen verwaltet. Dies ist im Hilfemen\u00fc jedes Browsers beschrieben, das erl\u00e4utert, wie Sie Ihre Cookie-Einstellungen \u00e4ndern k\u00f6nnen. Diese Informationen finden Sie f\u00fcr die jeweiligen Browser unter den folgenden Links: Microsoft Edge\u2122 \/ Safari\u2122 \/ Chrome\u2122 \/ Firefox\u2122 \/ Opera\u2122. Dar\u00fcber hinaus k\u00f6nnen Sie Ihre Einwilligung jederzeit widerrufen, indem Sie eine Nachricht an die in der Datenschutzerkl\u00e4rung beschriebene Kontaktadresse senden.<\/p>\n\n\n\n<p>Borlabs Cookie and Consent Management Platform We use Borlabs Cookie on our website to inform you about the technologies we use on our website and to obtain, manage and document your consent to the processing of your personal data by these technologies. This is required under Art. 6 para. 1 sentence 1 lit. c DSGVO to fulfill our legal obligation under Art. 7 para. 1 DSGVO to be able to prove your consent to the processing of your personal data, which we are subject to. The consent management service Borlabs Cookie is offered by Borlabs &#8211; Benjamin A. Bornschein, Georg-Wilhelm-Str. 17, 21107 Hamburg, which processes your data on our behalf. After submitting your cookie declaration on our website, the Borlabs web server stores your anonymized IP address, date and time of your declaration, browser information, the URL from which the declaration was sent, information about your consent behavior, and an anonymous random key. In addition, a &#8220;CookieConsent&#8221; cookie is used, which contains the information about your consent behavior and the key. Your data will be deleted after twelve months, unless you have expressly consented to further<\/p>","protected":false},"excerpt":{"rendered":"<p>The protection of your personal data and your privacy is very important to us. Therefore, MASTERKEY GMBH processes your personal data exclusively in accordance with the<span class=\"excerpt-hellip\"> [\u2026]<\/span><\/p>\n","protected":false},"author":1,"featured_media":0,"parent":0,"menu_order":0,"comment_status":"closed","ping_status":"closed","template":"","meta":{"footnotes":""},"_links":{"self":[{"href":"https:\/\/ma-key.com\/de\/wp-json\/wp\/v2\/pages\/907"}],"collection":[{"href":"https:\/\/ma-key.com\/de\/wp-json\/wp\/v2\/pages"}],"about":[{"href":"https:\/\/ma-key.com\/de\/wp-json\/wp\/v2\/types\/page"}],"author":[{"embeddable":true,"href":"https:\/\/ma-key.com\/de\/wp-json\/wp\/v2\/users\/1"}],"replies":[{"embeddable":true,"href":"https:\/\/ma-key.com\/de\/wp-json\/wp\/v2\/comments?post=907"}],"version-history":[{"count":1,"href":"https:\/\/ma-key.com\/de\/wp-json\/wp\/v2\/pages\/907\/revisions"}],"predecessor-version":[{"id":908,"href":"https:\/\/ma-key.com\/de\/wp-json\/wp\/v2\/pages\/907\/revisions\/908"}],"wp:attachment":[{"href":"https:\/\/ma-key.com\/de\/wp-json\/wp\/v2\/media?parent=907"}],"curies":[{"name":"wp","href":"https:\/\/api.w.org\/{rel}","templated":true}]}}